{"id":22,"date":"2025-12-09T06:52:25","date_gmt":"2025-12-09T06:52:25","guid":{"rendered":"http:\/\/localhost\/?page_id=22"},"modified":"2025-12-09T10:57:15","modified_gmt":"2025-12-09T10:57:15","slug":"contact-details","status":"publish","type":"page","link":"https:\/\/icllm2023.org\/?page_id=22","title":{"rendered":"Contact Details"},"content":{"rendered":"\t\t<div data-elementor-type=\"wp-page\" data-elementor-id=\"22\" class=\"elementor elementor-22\">\n\t\t\t\t<div class=\"elementor-element elementor-element-5b3170fb e-flex e-con-boxed e-con e-parent\" data-id=\"5b3170fb\" data-element_type=\"container\" data-settings=\"{&quot;background_background&quot;:&quot;classic&quot;}\">\n\t\t\t\t\t<div class=\"e-con-inner\">\n\t\t\t\t<div class=\"elementor-element elementor-element-17161232 elementor-widget elementor-widget-heading\" data-id=\"17161232\" data-element_type=\"widget\" data-widget_type=\"heading.default\">\n\t\t\t\t\t<h1 class=\"elementor-heading-title elementor-size-default\">Contact Details<\/h1>\t\t\t\t<\/div>\n\t\t<div class=\"elementor-element elementor-element-482253ba e-con-full e-flex e-con e-child\" data-id=\"482253ba\" data-element_type=\"container\">\n\t\t<div class=\"elementor-element elementor-element-2171a058 e-con-full e-flex e-con e-child\" data-id=\"2171a058\" data-element_type=\"container\">\n\t\t\t\t<div class=\"elementor-element elementor-element-25656120 elementor-widget elementor-widget-heading\" data-id=\"25656120\" data-element_type=\"widget\" data-widget_type=\"heading.default\">\n\t\t\t\t\t<h5 class=\"elementor-heading-title elementor-size-default\">Turkish Society of Hematology<\/h5>\t\t\t\t<\/div>\n\t\t\t\t<div class=\"elementor-element elementor-element-62b31146 elementor-widget elementor-widget-image\" data-id=\"62b31146\" data-element_type=\"widget\" data-widget_type=\"image.default\">\n\t\t\t\t\t\t\t\t\t\t\t\t\t\t\t<img decoding=\"async\" width=\"186\" height=\"126\" src=\"https:\/\/icllm2023.org\/wp-content\/uploads\/2025\/12\/188eebbc-f12c-44b1-8d2f-00091e7d9460.jpg\" class=\"attachment-medium_large size-medium_large wp-image-146\" alt=\"\" \/>\t\t\t\t\t\t\t\t\t\t\t\t\t\t\t<\/div>\n\t\t\t\t<div class=\"elementor-element elementor-element-1030c39c elementor-align-start elementor-icon-list--layout-traditional elementor-list-item-link-full_width elementor-widget elementor-widget-icon-list\" data-id=\"1030c39c\" data-element_type=\"widget\" data-widget_type=\"icon-list.default\">\n\t\t\t\t\t\t\t<ul class=\"elementor-icon-list-items\">\n\t\t\t\t\t\t\t<li class=\"elementor-icon-list-item\">\n\t\t\t\t\t\t\t\t\t\t\t<span class=\"elementor-icon-list-icon\">\n\t\t\t\t\t\t\t<svg class=\"ekit-svg-icon icon-map-marker1\" viewBox=\"0 0 32 32\" xmlns=\"http:\/\/www.w3.org\/2000\/svg\"><path d=\"M15.988 6.775c-3.694 0-6.694 3.006-6.694 6.694s3 6.7 6.694 6.7 6.694-3.006 6.694-6.694-3-6.7-6.694-6.7zM15.988 18.563c-2.806 0-5.088-2.288-5.088-5.088s2.287-5.088 5.088-5.088 5.088 2.287 5.088 5.088-2.275 5.088-5.088 5.088zM15.988 0.4c-0.15 0-0.306 0-0.456 0.006-6.456 0.225-11.787 5.237-12.406 11.662-0.119 1.244-0.056 2.494 0.169 3.688 0 0 0.019 0.15 0.094 0.431 0.194 0.881 0.494 1.744 0.862 2.538 1.331 3.15 4.244 8 10.569 13.25 0.331 0.275 0.75 0.425 1.188 0.425 0.431 0 0.85-0.15 1.188-0.425 6.319-5.244 9.231-10.1 10.556-13.225 0.381-0.819 0.675-1.681 0.869-2.563 0.038-0.156 0.063-0.287 0.087-0.412 0.156-0.806 0.238-1.631 0.238-2.456-0.025-7.119-5.825-12.919-12.956-12.919zM27.106 15.5c0 0.012-0.019 0.125-0.063 0.325-0.175 0.775-0.431 1.525-0.775 2.269-1.262 2.988-4.037 7.6-10.106 12.637-0.056 0.044-0.119 0.056-0.163 0.056-0.037 0-0.106-0.012-0.162-0.056-6.075-5.037-8.856-9.65-10.125-12.656-0.331-0.719-0.588-1.475-0.769-2.25-0.037-0.169-0.056-0.275-0.063-0.306 0-0.012-0.006-0.025-0.006-0.037-0.2-1.069-0.256-2.169-0.15-3.256 0.544-5.625 5.212-10.019 10.869-10.213 6.425-0.225 11.725 4.938 11.725 11.319 0 0.719-0.075 1.438-0.212 2.169z\"><\/path><\/svg>\t\t\t\t\t\t<\/span>\n\t\t\t\t\t\t\t\t\t\t<span class=\"elementor-icon-list-text\">Turan G\u00fcne\u015f Bulvar\u0131 Fahreddin Pa\u015fa Sokak No:8 \u00c7ankaya \u2013 Ankara \/ Turkey<\/span>\n\t\t\t\t\t\t\t\t\t<\/li>\n\t\t\t\t\t\t\t\t<li class=\"elementor-icon-list-item\">\n\t\t\t\t\t\t\t\t\t\t\t<a href=\"tel:+90%20312%20490%2098%2097\">\n\n\t\t\t\t\t\t\t\t\t\t\t\t<span class=\"elementor-icon-list-icon\">\n\t\t\t\t\t\t\t<svg class=\"ekit-svg-icon icon-phone1\" viewBox=\"0 0 32 32\" xmlns=\"http:\/\/www.w3.org\/2000\/svg\"><path d=\"M25.288 20.225c-0.656-0.681-1.444-1.044-2.281-1.044-0.831 0-1.625 0.356-2.313 1.038l-2.131 2.125c-0.175-0.094-0.35-0.181-0.519-0.269-0.244-0.119-0.475-0.238-0.669-0.356-2-1.269-3.819-2.925-5.556-5.063-0.844-1.069-1.412-1.963-1.825-2.875 0.556-0.506 1.069-1.031 1.569-1.537 0.188-0.188 0.381-0.387 0.569-0.575 1.419-1.419 1.419-3.256 0-4.675l-1.844-1.844c-0.206-0.206-0.425-0.425-0.625-0.644-0.406-0.419-0.831-0.85-1.269-1.256-0.656-0.65-1.438-0.994-2.263-0.994s-1.619 0.344-2.294 0.994c-0.006 0.006-0.006 0.006-0.013 0.013l-2.294 2.319c-0.863 0.862-1.356 1.919-1.462 3.138-0.163 1.975 0.419 3.806 0.863 5.013 1.094 2.95 2.731 5.688 5.169 8.619 2.956 3.531 6.519 6.319 10.581 8.288 1.556 0.738 3.625 1.606 5.944 1.756 0.144 0.006 0.288 0.013 0.425 0.013 1.563 0 2.869-0.563 3.9-1.675 0.006-0.012 0.019-0.019 0.025-0.031 0.35-0.425 0.756-0.813 1.181-1.225 0.288-0.275 0.587-0.569 0.875-0.869 0.669-0.694 1.019-1.506 1.019-2.337 0-0.837-0.356-1.644-1.038-2.319l-3.725-3.725zM27.706 27.337c-0.006 0-0.006 0.006 0 0-0.262 0.281-0.531 0.538-0.825 0.825-0.438 0.419-0.887 0.856-1.306 1.35-0.681 0.731-1.488 1.075-2.538 1.075-0.1 0-0.206 0-0.313-0.006-2.006-0.131-3.869-0.913-5.269-1.581-3.825-1.85-7.181-4.475-9.969-7.806-2.294-2.781-3.837-5.35-4.856-8.1-0.625-1.681-0.856-2.994-0.756-4.225 0.069-0.787 0.369-1.444 0.931-2.006l2.3-2.3c0.331-0.313 0.681-0.481 1.025-0.481 0.425 0 0.769 0.256 0.987 0.475 0.006 0.006 0.013 0.013 0.019 0.019 0.412 0.388 0.806 0.781 1.219 1.206 0.206 0.219 0.425 0.431 0.644 0.656l1.844 1.844c0.719 0.719 0.719 1.375 0 2.094-0.194 0.194-0.387 0.394-0.581 0.581-0.569 0.581-1.106 1.119-1.694 1.65-0.012 0.012-0.025 0.019-0.031 0.031-0.581 0.581-0.475 1.15-0.35 1.531 0.006 0.019 0.012 0.037 0.019 0.063 0.481 1.162 1.156 2.256 2.181 3.556l0.006 0.006c1.863 2.294 3.831 4.087 6 5.456 0.275 0.175 0.563 0.319 0.831 0.45 0.244 0.119 0.475 0.238 0.669 0.356 0.025 0.012 0.056 0.031 0.081 0.050 0.231 0.113 0.444 0.169 0.669 0.169 0.563 0 0.913-0.35 1.025-0.469l2.313-2.313c0.231-0.231 0.594-0.506 1.019-0.506 0.419 0 0.762 0.262 0.975 0.494 0.006 0.006 0.006 0.006 0.012 0.012l3.719 3.719c0.688 0.7 0.688 1.406 0 2.125zM17.294 8.012c1.769 0.3 3.375 1.137 4.662 2.419s2.113 2.894 2.419 4.662c0.075 0.444 0.456 0.756 0.9 0.756 0.056 0 0.1-0.006 0.156-0.012 0.5-0.081 0.831-0.556 0.75-1.056-0.363-2.144-1.375-4.094-2.925-5.638-1.544-1.544-3.5-2.563-5.637-2.925-0.5-0.081-0.969 0.25-1.056 0.744-0.094 0.487 0.231 0.969 0.731 1.050zM31.962 14.519c-0.6-3.525-2.262-6.731-4.813-9.287s-5.762-4.213-9.288-4.813c-0.494-0.088-0.956 0.25-1.044 0.744-0.081 0.5 0.25 0.969 0.75 1.056 3.15 0.531 6.019 2.025 8.3 4.3 2.281 2.281 3.769 5.156 4.3 8.3 0.075 0.444 0.456 0.756 0.9 0.756 0.056 0 0.1-0.006 0.156-0.012 0.488-0.081 0.825-0.556 0.738-1.044z\"><\/path><\/svg>\t\t\t\t\t\t<\/span>\n\t\t\t\t\t\t\t\t\t\t<span class=\"elementor-icon-list-text\">+90 312 490 98 97<\/span>\n\t\t\t\t\t\t\t\t\t\t\t<\/a>\n\t\t\t\t\t\t\t\t\t<\/li>\n\t\t\t\t\t\t\t\t<li class=\"elementor-icon-list-item\">\n\t\t\t\t\t\t\t\t\t\t\t<a href=\"fax:+90%20312%20490%2098%2068\">\n\n\t\t\t\t\t\t\t\t\t\t\t\t<span class=\"elementor-icon-list-icon\">\n\t\t\t\t\t\t\t<svg aria-hidden=\"true\" class=\"e-font-icon-svg e-fas-fax\" viewBox=\"0 0 512 512\" xmlns=\"http:\/\/www.w3.org\/2000\/svg\"><path d=\"M480 160V77.25a32 32 0 0 0-9.38-22.63L425.37 9.37A32 32 0 0 0 402.75 0H160a32 32 0 0 0-32 32v448a32 32 0 0 0 32 32h320a32 32 0 0 0 32-32V192a32 32 0 0 0-32-32zM288 432a16 16 0 0 1-16 16h-32a16 16 0 0 1-16-16v-32a16 16 0 0 1 16-16h32a16 16 0 0 1 16 16zm0-128a16 16 0 0 1-16 16h-32a16 16 0 0 1-16-16v-32a16 16 0 0 1 16-16h32a16 16 0 0 1 16 16zm128 128a16 16 0 0 1-16 16h-32a16 16 0 0 1-16-16v-32a16 16 0 0 1 16-16h32a16 16 0 0 1 16 16zm0-128a16 16 0 0 1-16 16h-32a16 16 0 0 1-16-16v-32a16 16 0 0 1 16-16h32a16 16 0 0 1 16 16zm0-112H192V64h160v48a16 16 0 0 0 16 16h48zM64 128H32a32 32 0 0 0-32 32v320a32 32 0 0 0 32 32h32a32 32 0 0 0 32-32V160a32 32 0 0 0-32-32z\"><\/path><\/svg>\t\t\t\t\t\t<\/span>\n\t\t\t\t\t\t\t\t\t\t<span class=\"elementor-icon-list-text\">+90 312 490 98 68<\/span>\n\t\t\t\t\t\t\t\t\t\t\t<\/a>\n\t\t\t\t\t\t\t\t\t<\/li>\n\t\t\t\t\t\t\t\t<li class=\"elementor-icon-list-item\">\n\t\t\t\t\t\t\t\t\t\t\t<a href=\"mailto:thdofis@thd.org.tr\">\n\n\t\t\t\t\t\t\t\t\t\t\t\t<span class=\"elementor-icon-list-icon\">\n\t\t\t\t\t\t\t<svg class=\"ekit-svg-icon icon-email\" viewBox=\"0 0 32 32\" xmlns=\"http:\/\/www.w3.org\/2000\/svg\"><path d=\"M31.763 13.855l0-0-4.086-2.709v-9.055c0-0.293-0.237-0.53-0.53-0.53h-22.294c-0.293 0-0.53 0.237-0.53 0.53v9.055l-4.085 2.708c-0.143 0.095-0.237 0.257-0.237 0.442v16.413c0 0.293 0.237 0.53 0.53 0.53h30.94c0.293 0 0.53-0.237 0.53-0.53v-16.413c0-0.184-0.094-0.347-0.237-0.442zM4.323 15.708l-1.662-0.882h1.662v0.882zM1.060 15.177l12.188 6.465-12.188 8.079v-14.544zM16 21.090l13.712 9.089h-27.423l13.712-9.089zM18.752 21.643l12.188-6.465v14.544l-12.188-8.079zM27.677 14.826h1.663l-1.663 0.882v-0.882zM29.711 13.766h-2.035v-1.349l2.035 1.349zM26.617 2.621v13.65l-8.87 4.705-1.454-0.964c-0.177-0.118-0.408-0.118-0.586 0l-1.454 0.964-8.871-4.706v-13.649h21.234zM4.323 13.766h-2.034l2.034-1.348v1.348zM16 15.499h4.223c0.293 0 0.53-0.237 0.53-0.53s-0.237-0.53-0.53-0.53h-4.223c-2.036 0-3.693-1.656-3.693-3.693v-0.156c0-2.036 1.656-3.693 3.693-3.693s3.693 1.656 3.693 3.693v0.391c0 0.441-0.359 0.799-0.799 0.799s-0.799-0.359-0.799-0.799v-0.743c0-1.262-1.027-2.289-2.289-2.289s-2.289 1.027-2.289 2.289c0 1.262 1.027 2.289 2.289 2.289 0.577 0 1.105-0.215 1.508-0.569 0.328 0.529 0.914 0.882 1.581 0.882 1.025 0 1.859-0.834 1.859-1.859v-0.391c0-2.621-2.132-4.753-4.753-4.753s-4.753 2.132-4.753 4.753v0.156c0 2.621 2.132 4.753 4.753 4.753zM15.804 11.468c-0.678 0-1.229-0.551-1.229-1.229s0.552-1.229 1.229-1.229 1.229 0.552 1.229 1.229-0.551 1.229-1.229 1.229z\"><\/path><\/svg>\t\t\t\t\t\t<\/span>\n\t\t\t\t\t\t\t\t\t\t<span class=\"elementor-icon-list-text\">thdofis@thd.org.tr<\/span>\n\t\t\t\t\t\t\t\t\t\t\t<\/a>\n\t\t\t\t\t\t\t\t\t<\/li>\n\t\t\t\t\t\t\t\t<li class=\"elementor-icon-list-item\">\n\t\t\t\t\t\t\t\t\t\t\t<a href=\"http:\/\/www.thd.org.tr\/\" target=\"_blank\">\n\n\t\t\t\t\t\t\t\t\t\t\t\t<span class=\"elementor-icon-list-icon\">\n\t\t\t\t\t\t\t<svg class=\"ekit-svg-icon icon-internet\" viewBox=\"0 0 32 32\" xmlns=\"http:\/\/www.w3.org\/2000\/svg\"><path d=\"M27.966 27.005c2.507-2.825 4.034-6.54 4.034-10.605 0-4.23-1.653-8.079-4.343-10.943 0 0 0-0.001 0-0.001-0.002-0.003-0.006-0.004-0.007-0.007-2.802-2.979-6.728-4.886-11.095-5.035l-0.001-0.001-0.312-0.008c-0.081-0.003-0.161-0.006-0.242-0.006s-0.162 0.003-0.242 0.006l-0.311 0.008-0.001 0.001c-4.367 0.15-8.293 2.056-11.095 5.035-0.002 0.003-0.006 0.004-0.007 0.007 0 0 0 0.001-0.001 0.001-2.691 2.863-4.344 6.712-4.344 10.942 0 4.066 1.527 7.78 4.034 10.605 0.003 0.005 0.003 0.010 0.007 0.015 0.010 0.014 0.024 0.020 0.035 0.033 2.817 3.149 6.859 5.178 11.37 5.332l0.001 0.001 0.311 0.008c0.081 0.002 0.162 0.005 0.243 0.005s0.162-0.003 0.242-0.006l0.311-0.008 0.001-0.001c4.516-0.155 8.562-2.188 11.379-5.343 0.007-0.009 0.019-0.012 0.025-0.022 0.004-0.004 0.004-0.010 0.008-0.015zM1.117 16.952h6.622c0.062 2.339 0.519 4.611 1.332 6.74-1.569 0.568-3.069 1.329-4.475 2.279-2.067-2.459-3.354-5.593-3.48-9.020zM4.898 6.482c1.373 0.893 2.834 1.608 4.359 2.142-0.934 2.266-1.45 4.709-1.517 7.225h-6.622c0.132-3.59 1.538-6.859 3.781-9.367zM30.883 15.848h-6.622c-0.067-2.516-0.584-4.959-1.517-7.225 1.524-0.534 2.986-1.249 4.359-2.142 2.243 2.508 3.649 5.777 3.781 9.367zM15.448 8.655c-1.595-0.045-3.161-0.283-4.674-0.708 1.118-2.294 2.697-4.365 4.674-6.089v6.797zM15.448 9.759v6.089h-6.605c0.068-2.399 0.571-4.726 1.471-6.883 1.658 0.481 3.38 0.746 5.134 0.793zM16.552 9.759c1.754-0.047 3.476-0.312 5.135-0.793 0.9 2.157 1.403 4.484 1.471 6.883h-6.606v-6.089zM16.552 8.655v-6.797c1.976 1.724 3.555 3.795 4.674 6.089-1.513 0.425-3.079 0.663-4.674 0.708zM22.295 7.612c-1.060-2.221-2.531-4.244-4.352-5.978 3.231 0.423 6.138 1.884 8.377 4.038-1.271 0.807-2.62 1.455-4.025 1.94zM9.705 7.612c-1.405-0.485-2.754-1.134-4.024-1.94 2.238-2.154 5.146-3.615 8.377-4.038-1.822 1.734-3.293 3.757-4.353 5.978zM8.843 16.952h6.605v5.538c-1.825 0.049-3.612 0.333-5.33 0.85-0.776-2.017-1.213-4.171-1.275-6.388zM15.448 23.593v7.348c-2.115-1.846-3.774-4.088-4.902-6.575 1.582-0.466 3.225-0.726 4.902-0.773zM16.552 30.941v-7.348c1.677 0.047 3.32 0.307 4.902 0.772-1.128 2.488-2.786 4.73-4.902 6.575zM16.552 22.49v-5.538h6.605c-0.062 2.217-0.499 4.372-1.276 6.389-1.718-0.518-3.505-0.802-5.33-0.851zM24.26 16.952h6.622c-0.126 3.426-1.412 6.561-3.48 9.020-1.406-0.95-2.906-1.711-4.475-2.279 0.814-2.129 1.27-4.402 1.332-6.74zM5.347 26.798c1.305-0.867 2.695-1.565 4.147-2.086 1.073 2.406 2.614 4.598 4.563 6.454-3.394-0.444-6.431-2.033-8.711-4.368zM17.943 31.166c1.95-1.856 3.49-4.048 4.563-6.454 1.452 0.521 2.841 1.219 4.147 2.086-2.28 2.335-5.317 3.924-8.711 4.368z\"><\/path><\/svg>\t\t\t\t\t\t<\/span>\n\t\t\t\t\t\t\t\t\t\t<span class=\"elementor-icon-list-text\">www.thd.org.tr<\/span>\n\t\t\t\t\t\t\t\t\t\t\t<\/a>\n\t\t\t\t\t\t\t\t\t<\/li>\n\t\t\t\t\t\t<\/ul>\n\t\t\t\t\t\t<\/div>\n\t\t\t\t<\/div>\n\t\t<div class=\"elementor-element elementor-element-55f2bb85 e-con-full e-flex e-con e-child\" data-id=\"55f2bb85\" data-element_type=\"container\">\n\t\t\t\t<div class=\"elementor-element elementor-element-15c934c elementor-widget elementor-widget-heading\" data-id=\"15c934c\" data-element_type=\"widget\" data-widget_type=\"heading.default\">\n\t\t\t\t\t<h5 class=\"elementor-heading-title elementor-size-default\">Serenas International Tourism<\/h5>\t\t\t\t<\/div>\n\t\t\t\t<div class=\"elementor-element elementor-element-47d3e00c elementor-widget elementor-widget-image\" data-id=\"47d3e00c\" data-element_type=\"widget\" data-widget_type=\"image.default\">\n\t\t\t\t\t\t\t\t\t\t\t\t\t\t\t<img decoding=\"async\" width=\"186\" height=\"81\" src=\"https:\/\/icllm2023.org\/wp-content\/uploads\/2025\/12\/sernas-group-e1750774071647.png\" class=\"attachment-medium_large size-medium_large wp-image-24\" alt=\"\" \/>\t\t\t\t\t\t\t\t\t\t\t\t\t\t\t<\/div>\n\t\t\t\t<div class=\"elementor-element elementor-element-1db7826e elementor-align-start elementor-icon-list--layout-traditional elementor-list-item-link-full_width elementor-widget elementor-widget-icon-list\" data-id=\"1db7826e\" data-element_type=\"widget\" data-widget_type=\"icon-list.default\">\n\t\t\t\t\t\t\t<ul class=\"elementor-icon-list-items\">\n\t\t\t\t\t\t\t<li class=\"elementor-icon-list-item\">\n\t\t\t\t\t\t\t\t\t\t\t<span class=\"elementor-icon-list-icon\">\n\t\t\t\t\t\t\t<svg class=\"ekit-svg-icon icon-map-marker1\" viewBox=\"0 0 32 32\" xmlns=\"http:\/\/www.w3.org\/2000\/svg\"><path d=\"M15.988 6.775c-3.694 0-6.694 3.006-6.694 6.694s3 6.7 6.694 6.7 6.694-3.006 6.694-6.694-3-6.7-6.694-6.7zM15.988 18.563c-2.806 0-5.088-2.288-5.088-5.088s2.287-5.088 5.088-5.088 5.088 2.287 5.088 5.088-2.275 5.088-5.088 5.088zM15.988 0.4c-0.15 0-0.306 0-0.456 0.006-6.456 0.225-11.787 5.237-12.406 11.662-0.119 1.244-0.056 2.494 0.169 3.688 0 0 0.019 0.15 0.094 0.431 0.194 0.881 0.494 1.744 0.862 2.538 1.331 3.15 4.244 8 10.569 13.25 0.331 0.275 0.75 0.425 1.188 0.425 0.431 0 0.85-0.15 1.188-0.425 6.319-5.244 9.231-10.1 10.556-13.225 0.381-0.819 0.675-1.681 0.869-2.563 0.038-0.156 0.063-0.287 0.087-0.412 0.156-0.806 0.238-1.631 0.238-2.456-0.025-7.119-5.825-12.919-12.956-12.919zM27.106 15.5c0 0.012-0.019 0.125-0.063 0.325-0.175 0.775-0.431 1.525-0.775 2.269-1.262 2.988-4.037 7.6-10.106 12.637-0.056 0.044-0.119 0.056-0.163 0.056-0.037 0-0.106-0.012-0.162-0.056-6.075-5.037-8.856-9.65-10.125-12.656-0.331-0.719-0.588-1.475-0.769-2.25-0.037-0.169-0.056-0.275-0.063-0.306 0-0.012-0.006-0.025-0.006-0.037-0.2-1.069-0.256-2.169-0.15-3.256 0.544-5.625 5.212-10.019 10.869-10.213 6.425-0.225 11.725 4.938 11.725 11.319 0 0.719-0.075 1.438-0.212 2.169z\"><\/path><\/svg>\t\t\t\t\t\t<\/span>\n\t\t\t\t\t\t\t\t\t\t<span class=\"elementor-icon-list-text\">Turan Gunes Bulvari Hilal         Mah. Cezayir Cad. No:13, 06550 Cankaya \u2013 Ankara \/ Turkey<\/span>\n\t\t\t\t\t\t\t\t\t<\/li>\n\t\t\t\t\t\t\t\t<li class=\"elementor-icon-list-item\">\n\t\t\t\t\t\t\t\t\t\t\t<a href=\"tel:+903124405011\">\n\n\t\t\t\t\t\t\t\t\t\t\t\t<span class=\"elementor-icon-list-icon\">\n\t\t\t\t\t\t\t<svg class=\"ekit-svg-icon icon-phone1\" viewBox=\"0 0 32 32\" xmlns=\"http:\/\/www.w3.org\/2000\/svg\"><path d=\"M25.288 20.225c-0.656-0.681-1.444-1.044-2.281-1.044-0.831 0-1.625 0.356-2.313 1.038l-2.131 2.125c-0.175-0.094-0.35-0.181-0.519-0.269-0.244-0.119-0.475-0.238-0.669-0.356-2-1.269-3.819-2.925-5.556-5.063-0.844-1.069-1.412-1.963-1.825-2.875 0.556-0.506 1.069-1.031 1.569-1.537 0.188-0.188 0.381-0.387 0.569-0.575 1.419-1.419 1.419-3.256 0-4.675l-1.844-1.844c-0.206-0.206-0.425-0.425-0.625-0.644-0.406-0.419-0.831-0.85-1.269-1.256-0.656-0.65-1.438-0.994-2.263-0.994s-1.619 0.344-2.294 0.994c-0.006 0.006-0.006 0.006-0.013 0.013l-2.294 2.319c-0.863 0.862-1.356 1.919-1.462 3.138-0.163 1.975 0.419 3.806 0.863 5.013 1.094 2.95 2.731 5.688 5.169 8.619 2.956 3.531 6.519 6.319 10.581 8.288 1.556 0.738 3.625 1.606 5.944 1.756 0.144 0.006 0.288 0.013 0.425 0.013 1.563 0 2.869-0.563 3.9-1.675 0.006-0.012 0.019-0.019 0.025-0.031 0.35-0.425 0.756-0.813 1.181-1.225 0.288-0.275 0.587-0.569 0.875-0.869 0.669-0.694 1.019-1.506 1.019-2.337 0-0.837-0.356-1.644-1.038-2.319l-3.725-3.725zM27.706 27.337c-0.006 0-0.006 0.006 0 0-0.262 0.281-0.531 0.538-0.825 0.825-0.438 0.419-0.887 0.856-1.306 1.35-0.681 0.731-1.488 1.075-2.538 1.075-0.1 0-0.206 0-0.313-0.006-2.006-0.131-3.869-0.913-5.269-1.581-3.825-1.85-7.181-4.475-9.969-7.806-2.294-2.781-3.837-5.35-4.856-8.1-0.625-1.681-0.856-2.994-0.756-4.225 0.069-0.787 0.369-1.444 0.931-2.006l2.3-2.3c0.331-0.313 0.681-0.481 1.025-0.481 0.425 0 0.769 0.256 0.987 0.475 0.006 0.006 0.013 0.013 0.019 0.019 0.412 0.388 0.806 0.781 1.219 1.206 0.206 0.219 0.425 0.431 0.644 0.656l1.844 1.844c0.719 0.719 0.719 1.375 0 2.094-0.194 0.194-0.387 0.394-0.581 0.581-0.569 0.581-1.106 1.119-1.694 1.65-0.012 0.012-0.025 0.019-0.031 0.031-0.581 0.581-0.475 1.15-0.35 1.531 0.006 0.019 0.012 0.037 0.019 0.063 0.481 1.162 1.156 2.256 2.181 3.556l0.006 0.006c1.863 2.294 3.831 4.087 6 5.456 0.275 0.175 0.563 0.319 0.831 0.45 0.244 0.119 0.475 0.238 0.669 0.356 0.025 0.012 0.056 0.031 0.081 0.050 0.231 0.113 0.444 0.169 0.669 0.169 0.563 0 0.913-0.35 1.025-0.469l2.313-2.313c0.231-0.231 0.594-0.506 1.019-0.506 0.419 0 0.762 0.262 0.975 0.494 0.006 0.006 0.006 0.006 0.012 0.012l3.719 3.719c0.688 0.7 0.688 1.406 0 2.125zM17.294 8.012c1.769 0.3 3.375 1.137 4.662 2.419s2.113 2.894 2.419 4.662c0.075 0.444 0.456 0.756 0.9 0.756 0.056 0 0.1-0.006 0.156-0.012 0.5-0.081 0.831-0.556 0.75-1.056-0.363-2.144-1.375-4.094-2.925-5.638-1.544-1.544-3.5-2.563-5.637-2.925-0.5-0.081-0.969 0.25-1.056 0.744-0.094 0.487 0.231 0.969 0.731 1.050zM31.962 14.519c-0.6-3.525-2.262-6.731-4.813-9.287s-5.762-4.213-9.288-4.813c-0.494-0.088-0.956 0.25-1.044 0.744-0.081 0.5 0.25 0.969 0.75 1.056 3.15 0.531 6.019 2.025 8.3 4.3 2.281 2.281 3.769 5.156 4.3 8.3 0.075 0.444 0.456 0.756 0.9 0.756 0.056 0 0.1-0.006 0.156-0.012 0.488-0.081 0.825-0.556 0.738-1.044z\"><\/path><\/svg>\t\t\t\t\t\t<\/span>\n\t\t\t\t\t\t\t\t\t\t<span class=\"elementor-icon-list-text\">+90 312 440 50 11<\/span>\n\t\t\t\t\t\t\t\t\t\t\t<\/a>\n\t\t\t\t\t\t\t\t\t<\/li>\n\t\t\t\t\t\t\t\t<li class=\"elementor-icon-list-item\">\n\t\t\t\t\t\t\t\t\t\t\t<a href=\"mailto:info@icllm2023.org\">\n\n\t\t\t\t\t\t\t\t\t\t\t\t<span class=\"elementor-icon-list-icon\">\n\t\t\t\t\t\t\t<svg class=\"ekit-svg-icon icon-email\" viewBox=\"0 0 32 32\" xmlns=\"http:\/\/www.w3.org\/2000\/svg\"><path d=\"M31.763 13.855l0-0-4.086-2.709v-9.055c0-0.293-0.237-0.53-0.53-0.53h-22.294c-0.293 0-0.53 0.237-0.53 0.53v9.055l-4.085 2.708c-0.143 0.095-0.237 0.257-0.237 0.442v16.413c0 0.293 0.237 0.53 0.53 0.53h30.94c0.293 0 0.53-0.237 0.53-0.53v-16.413c0-0.184-0.094-0.347-0.237-0.442zM4.323 15.708l-1.662-0.882h1.662v0.882zM1.060 15.177l12.188 6.465-12.188 8.079v-14.544zM16 21.090l13.712 9.089h-27.423l13.712-9.089zM18.752 21.643l12.188-6.465v14.544l-12.188-8.079zM27.677 14.826h1.663l-1.663 0.882v-0.882zM29.711 13.766h-2.035v-1.349l2.035 1.349zM26.617 2.621v13.65l-8.87 4.705-1.454-0.964c-0.177-0.118-0.408-0.118-0.586 0l-1.454 0.964-8.871-4.706v-13.649h21.234zM4.323 13.766h-2.034l2.034-1.348v1.348zM16 15.499h4.223c0.293 0 0.53-0.237 0.53-0.53s-0.237-0.53-0.53-0.53h-4.223c-2.036 0-3.693-1.656-3.693-3.693v-0.156c0-2.036 1.656-3.693 3.693-3.693s3.693 1.656 3.693 3.693v0.391c0 0.441-0.359 0.799-0.799 0.799s-0.799-0.359-0.799-0.799v-0.743c0-1.262-1.027-2.289-2.289-2.289s-2.289 1.027-2.289 2.289c0 1.262 1.027 2.289 2.289 2.289 0.577 0 1.105-0.215 1.508-0.569 0.328 0.529 0.914 0.882 1.581 0.882 1.025 0 1.859-0.834 1.859-1.859v-0.391c0-2.621-2.132-4.753-4.753-4.753s-4.753 2.132-4.753 4.753v0.156c0 2.621 2.132 4.753 4.753 4.753zM15.804 11.468c-0.678 0-1.229-0.551-1.229-1.229s0.552-1.229 1.229-1.229 1.229 0.552 1.229 1.229-0.551 1.229-1.229 1.229z\"><\/path><\/svg>\t\t\t\t\t\t<\/span>\n\t\t\t\t\t\t\t\t\t\t<span class=\"elementor-icon-list-text\">info@icllm2023.org<\/span>\n\t\t\t\t\t\t\t\t\t\t\t<\/a>\n\t\t\t\t\t\t\t\t\t<\/li>\n\t\t\t\t\t\t\t\t<li class=\"elementor-icon-list-item\">\n\t\t\t\t\t\t\t\t\t\t\t<a href=\"http:\/\/www.serenas.com.tr\/\" target=\"_blank\">\n\n\t\t\t\t\t\t\t\t\t\t\t\t<span class=\"elementor-icon-list-icon\">\n\t\t\t\t\t\t\t<svg class=\"ekit-svg-icon icon-internet\" viewBox=\"0 0 32 32\" xmlns=\"http:\/\/www.w3.org\/2000\/svg\"><path d=\"M27.966 27.005c2.507-2.825 4.034-6.54 4.034-10.605 0-4.23-1.653-8.079-4.343-10.943 0 0 0-0.001 0-0.001-0.002-0.003-0.006-0.004-0.007-0.007-2.802-2.979-6.728-4.886-11.095-5.035l-0.001-0.001-0.312-0.008c-0.081-0.003-0.161-0.006-0.242-0.006s-0.162 0.003-0.242 0.006l-0.311 0.008-0.001 0.001c-4.367 0.15-8.293 2.056-11.095 5.035-0.002 0.003-0.006 0.004-0.007 0.007 0 0 0 0.001-0.001 0.001-2.691 2.863-4.344 6.712-4.344 10.942 0 4.066 1.527 7.78 4.034 10.605 0.003 0.005 0.003 0.010 0.007 0.015 0.010 0.014 0.024 0.020 0.035 0.033 2.817 3.149 6.859 5.178 11.37 5.332l0.001 0.001 0.311 0.008c0.081 0.002 0.162 0.005 0.243 0.005s0.162-0.003 0.242-0.006l0.311-0.008 0.001-0.001c4.516-0.155 8.562-2.188 11.379-5.343 0.007-0.009 0.019-0.012 0.025-0.022 0.004-0.004 0.004-0.010 0.008-0.015zM1.117 16.952h6.622c0.062 2.339 0.519 4.611 1.332 6.74-1.569 0.568-3.069 1.329-4.475 2.279-2.067-2.459-3.354-5.593-3.48-9.020zM4.898 6.482c1.373 0.893 2.834 1.608 4.359 2.142-0.934 2.266-1.45 4.709-1.517 7.225h-6.622c0.132-3.59 1.538-6.859 3.781-9.367zM30.883 15.848h-6.622c-0.067-2.516-0.584-4.959-1.517-7.225 1.524-0.534 2.986-1.249 4.359-2.142 2.243 2.508 3.649 5.777 3.781 9.367zM15.448 8.655c-1.595-0.045-3.161-0.283-4.674-0.708 1.118-2.294 2.697-4.365 4.674-6.089v6.797zM15.448 9.759v6.089h-6.605c0.068-2.399 0.571-4.726 1.471-6.883 1.658 0.481 3.38 0.746 5.134 0.793zM16.552 9.759c1.754-0.047 3.476-0.312 5.135-0.793 0.9 2.157 1.403 4.484 1.471 6.883h-6.606v-6.089zM16.552 8.655v-6.797c1.976 1.724 3.555 3.795 4.674 6.089-1.513 0.425-3.079 0.663-4.674 0.708zM22.295 7.612c-1.060-2.221-2.531-4.244-4.352-5.978 3.231 0.423 6.138 1.884 8.377 4.038-1.271 0.807-2.62 1.455-4.025 1.94zM9.705 7.612c-1.405-0.485-2.754-1.134-4.024-1.94 2.238-2.154 5.146-3.615 8.377-4.038-1.822 1.734-3.293 3.757-4.353 5.978zM8.843 16.952h6.605v5.538c-1.825 0.049-3.612 0.333-5.33 0.85-0.776-2.017-1.213-4.171-1.275-6.388zM15.448 23.593v7.348c-2.115-1.846-3.774-4.088-4.902-6.575 1.582-0.466 3.225-0.726 4.902-0.773zM16.552 30.941v-7.348c1.677 0.047 3.32 0.307 4.902 0.772-1.128 2.488-2.786 4.73-4.902 6.575zM16.552 22.49v-5.538h6.605c-0.062 2.217-0.499 4.372-1.276 6.389-1.718-0.518-3.505-0.802-5.33-0.851zM24.26 16.952h6.622c-0.126 3.426-1.412 6.561-3.48 9.020-1.406-0.95-2.906-1.711-4.475-2.279 0.814-2.129 1.27-4.402 1.332-6.74zM5.347 26.798c1.305-0.867 2.695-1.565 4.147-2.086 1.073 2.406 2.614 4.598 4.563 6.454-3.394-0.444-6.431-2.033-8.711-4.368zM17.943 31.166c1.95-1.856 3.49-4.048 4.563-6.454 1.452 0.521 2.841 1.219 4.147 2.086-2.28 2.335-5.317 3.924-8.711 4.368z\"><\/path><\/svg>\t\t\t\t\t\t<\/span>\n\t\t\t\t\t\t\t\t\t\t<span class=\"elementor-icon-list-text\">www.serenas.com.tr<\/span>\n\t\t\t\t\t\t\t\t\t\t\t<\/a>\n\t\t\t\t\t\t\t\t\t<\/li>\n\t\t\t\t\t\t<\/ul>\n\t\t\t\t\t\t<\/div>\n\t\t\t\t<\/div>\n\t\t\t\t<\/div>\n\t\t\t\t<div class=\"elementor-element elementor-element-2036108 elementor-widget elementor-widget-spacer\" data-id=\"2036108\" data-element_type=\"widget\" data-widget_type=\"spacer.default\">\n\t\t\t\t\t\t\t<div class=\"elementor-spacer\">\n\t\t\t<div class=\"elementor-spacer-inner\"><\/div>\n\t\t<\/div>\n\t\t\t\t\t\t<\/div>\n\t\t\t\t\t<\/div>\n\t\t\t\t<\/div>\n\t\t\t\t<\/div>\n\t\t","protected":false},"excerpt":{"rendered":"<p>Contact Details Turkish Society of Hematology Turan G\u00fcne\u015f Bulvar\u0131 Fahreddin Pa\u015fa Sokak No:8 \u00c7ankaya \u2013 Ankara \/ Turkey +90 312 490 98 97 +90 312 490 98 68 thdofis@thd.org.tr www.thd.org.tr Serenas International Tourism Turan Gunes Bulvari Hilal Mah. Cezayir Cad. No:13, 06550 Cankaya \u2013 Ankara \/ Turkey +90 312 440 50 11 info@icllm2023.org www.serenas.com.tr<\/p>\n","protected":false},"author":1,"featured_media":0,"parent":0,"menu_order":0,"comment_status":"closed","ping_status":"closed","template":"elementor_theme","meta":{"footnotes":""},"class_list":["post-22","page","type-page","status-publish","hentry"],"_links":{"self":[{"href":"https:\/\/icllm2023.org\/index.php?rest_route=\/wp\/v2\/pages\/22","targetHints":{"allow":["GET"]}}],"collection":[{"href":"https:\/\/icllm2023.org\/index.php?rest_route=\/wp\/v2\/pages"}],"about":[{"href":"https:\/\/icllm2023.org\/index.php?rest_route=\/wp\/v2\/types\/page"}],"author":[{"embeddable":true,"href":"https:\/\/icllm2023.org\/index.php?rest_route=\/wp\/v2\/users\/1"}],"replies":[{"embeddable":true,"href":"https:\/\/icllm2023.org\/index.php?rest_route=%2Fwp%2Fv2%2Fcomments&post=22"}],"version-history":[{"count":8,"href":"https:\/\/icllm2023.org\/index.php?rest_route=\/wp\/v2\/pages\/22\/revisions"}],"predecessor-version":[{"id":150,"href":"https:\/\/icllm2023.org\/index.php?rest_route=\/wp\/v2\/pages\/22\/revisions\/150"}],"wp:attachment":[{"href":"https:\/\/icllm2023.org\/index.php?rest_route=%2Fwp%2Fv2%2Fmedia&parent=22"}],"curies":[{"name":"wp","href":"https:\/\/api.w.org\/{rel}","templated":true}]}}