{"id":34,"date":"2025-12-09T06:52:28","date_gmt":"2025-12-09T06:52:28","guid":{"rendered":"http:\/\/localhost\/?page_id=34"},"modified":"2025-12-09T08:43:13","modified_gmt":"2025-12-09T08:43:13","slug":"registration","status":"publish","type":"page","link":"https:\/\/icllm2023.org\/?page_id=34","title":{"rendered":"Registration"},"content":{"rendered":"\t\t<div data-elementor-type=\"wp-page\" data-elementor-id=\"34\" class=\"elementor elementor-34\">\n\t\t\t\t<div class=\"elementor-element elementor-element-8f8f223 e-flex e-con-boxed e-con e-parent\" data-id=\"8f8f223\" data-element_type=\"container\" data-settings=\"{&quot;background_background&quot;:&quot;classic&quot;}\">\n\t\t\t\t\t<div class=\"e-con-inner\">\n\t\t\t\t<div class=\"elementor-element elementor-element-ef1ad18 elementor-widget elementor-widget-heading\" data-id=\"ef1ad18\" data-element_type=\"widget\" data-widget_type=\"heading.default\">\n\t\t\t\t\t<h1 class=\"elementor-heading-title elementor-size-default\">REGISTRATION<\/h1>\t\t\t\t<\/div>\n\t\t\t\t<div class=\"elementor-element elementor-element-77c2c75 elementor-widget elementor-widget-heading\" data-id=\"77c2c75\" data-element_type=\"widget\" data-widget_type=\"heading.default\">\n\t\t\t\t\t<h2 class=\"elementor-heading-title elementor-size-default\">REGISTRATION FEES<\/h2>\t\t\t\t<\/div>\n\t\t\t\t<div class=\"elementor-element elementor-element-5d351c7 elementor-widget elementor-widget-Table\" data-id=\"5d351c7\" data-element_type=\"widget\" data-widget_type=\"Table.default\">\n\t\t\t\t<div class=\"elementor-widget-container\">\n\t\t\t\t\t\t\t<table class=\"tafe-table \">\n\t\t\t<thead  class=\"tafe-table-header\">\n\t\t\t\t<tr>\n\t\t\t\t\t<th class=\"elementor-inline-editing elementor-repeater-item-d287e59\"   ><b>REGISTRATION<\/b><\/th><th class=\"elementor-inline-editing elementor-repeater-item-efe5198\"   >FEE<\/th>\t\t\t\t<\/tr>\n\t\t\t<\/thead>\n\t\t\t\t\t\t<tbody class=\"tafe-table-body\">\n\t\t\t\t<tr>\n\t\t\t\t\t<td data-label=\"REGISTRATION\"   class=\"elementor-repeater-item-7e12d08 td-content-type-default\" ><b>Member of TSH\n<\/b><\/td><td data-label=\"FEE\"   class=\"elementor-repeater-item-56ede98 td-content-type-default\" >8.500 TL\n<\/td><\/tr><tr><td data-label=\"REGISTRATION\"   class=\"elementor-repeater-item-57779dd td-content-type-default\" ><b>Non-member of TSH<\/b><\/td><td data-label=\"FEE\"   class=\"elementor-repeater-item-be1db13 td-content-type-default\" >9.500 TL\n<\/td>\t\t\t\t<\/tr>\n\t\t\t<\/tbody>\n\t\t<\/table>\n\t\t\n\t\t\t\t\t\t<\/div>\n\t\t\t\t<\/div>\n\t\t\t\t<div class=\"elementor-element elementor-element-a818a26 elementor-widget elementor-widget-text-editor\" data-id=\"a818a26\" data-element_type=\"widget\" data-widget_type=\"text-editor.default\">\n\t\t\t\t\t\t\t\t\t<div class=\"table-row details\">\u2022 VAT is not included.<\/div><div class=\"table-row details\">\u2022 Registration fees should be paid to the bank acount Turkish Society of Hematology.<\/div><div class=\"table-row details\">\u2022 In order to register for the congress, please contact us via e-mail on info@icllm2023.org<\/div>\t\t\t\t\t\t\t\t<\/div>\n\t\t\t\t<div class=\"elementor-element elementor-element-7dfdbf8 elementor-widget elementor-widget-Table\" data-id=\"7dfdbf8\" data-element_type=\"widget\" data-widget_type=\"Table.default\">\n\t\t\t\t<div class=\"elementor-widget-container\">\n\t\t\t\t\t\t\t<table class=\"tafe-table \">\n\t\t\t<thead  class=\"tafe-table-header\">\n\t\t\t\t<tr>\n\t\t\t\t\t<th class=\"elementor-inline-editing elementor-repeater-item-d287e59\"   ><strong>BANK NAME<\/th><th class=\"elementor-inline-editing elementor-repeater-item-efe5198\"   >GARANT\u0130 BANKASI\n<\/th>\t\t\t\t<\/tr>\n\t\t\t<\/thead>\n\t\t\t\t\t\t<tbody class=\"tafe-table-body\">\n\t\t\t\t<tr>\n\t\t\t\t\t<td data-label=\"BANK NAME\"   class=\"elementor-repeater-item-7e12d08 td-content-type-default\" ><strong>ACCOUNT NAME\n<\/td><td data-label=\"GARANT\u0130 BANKASI\"   class=\"elementor-repeater-item-56ede98 td-content-type-default\" >T\u00dcRK HEMATOLOJ\u0130 DERNE\u011e\u0130 \u0130KT\u0130SAD\u0130 \u0130\u015eLETMES\u0130\n<\/td><\/tr><tr><td data-label=\"BANK NAME\"   class=\"elementor-repeater-item-c851c78 td-content-type-default\" ><strong>BANK SW\u0130FT CODE\n\n<\/td><td data-label=\"GARANT\u0130 BANKASI\"   class=\"elementor-repeater-item-e80f4cc td-content-type-default\" >TGBATRIS\n\n<\/td><\/tr><tr><td data-label=\"BANK NAME\"   class=\"elementor-repeater-item-cc2d51a td-content-type-default\" ><strong>BRANCH NAME\n\n\n<\/td><td data-label=\"GARANT\u0130 BANKASI\"   class=\"elementor-repeater-item-23da600 td-content-type-default\" >YEN\u0130\u015eEH\u0130R \u015eUBES\u0130\n<\/td><\/tr><tr><td data-label=\"BANK NAME\"   class=\"elementor-repeater-item-bc1ab7b td-content-type-default\" ><strong>BRANCH CODE\n\n<\/td><td data-label=\"GARANT\u0130 BANKASI\"   class=\"elementor-repeater-item-5767fff td-content-type-default\" >411<\/td><\/tr><tr><td data-label=\"BANK NAME\"   class=\"elementor-repeater-item-eab9809 td-content-type-default\" ><strong>TL<\/td><td data-label=\"GARANT\u0130 BANKASI\"   class=\"elementor-repeater-item-976819f td-content-type-default\" >\n\n411 6295718<\/td><\/tr><tr><td data-label=\"BANK NAME\"   class=\"elementor-repeater-item-8b70e1d td-content-type-default\" ><strong>TL IBAN NO\n<\/td><td data-label=\"GARANT\u0130 BANKASI\"   class=\"elementor-repeater-item-8cb2e92 td-content-type-default\" >TR 320006200041100006295718\n<\/td><\/tr><tr><td data-label=\"BANK NAME\"   class=\"elementor-repeater-item-5c96533 td-content-type-default\" ><strong>EURO<\/td><td data-label=\"GARANT\u0130 BANKASI\"   class=\"elementor-repeater-item-711ccfc td-content-type-default\" >411 9084709\n<\/td><\/tr><tr><td data-label=\"BANK NAME\"   class=\"elementor-repeater-item-de5927e td-content-type-default\" ><strong>EURO IBAN NO\n<\/td><td data-label=\"GARANT\u0130 BANKASI\"   class=\"elementor-repeater-item-c8ead67 td-content-type-default\" >TR 240006200041100009084709\n<\/td>\t\t\t\t<\/tr>\n\t\t\t<\/tbody>\n\t\t<\/table>\n\t\t\n\t\t\t\t\t\t<\/div>\n\t\t\t\t<\/div>\n\t\t\t\t<div class=\"elementor-element elementor-element-1bce54d elementor-widget elementor-widget-text-editor\" data-id=\"1bce54d\" data-element_type=\"widget\" data-widget_type=\"text-editor.default\">\n\t\t\t\t\t\t\t\t\t<p>\u2022 Cancellation before March 10, 2023; %50 refund of the registration fee less bank charges.<\/p>\t\t\t\t\t\t\t\t<\/div>\n\t\t\t\t<div class=\"elementor-element elementor-element-70436dd elementor-widget elementor-widget-spacer\" data-id=\"70436dd\" data-element_type=\"widget\" data-widget_type=\"spacer.default\">\n\t\t\t\t\t\t\t<div class=\"elementor-spacer\">\n\t\t\t<div class=\"elementor-spacer-inner\"><\/div>\n\t\t<\/div>\n\t\t\t\t\t\t<\/div>\n\t\t\t\t\t<\/div>\n\t\t\t\t<\/div>\n\t\t\t\t<\/div>\n\t\t","protected":false},"excerpt":{"rendered":"<p>REGISTRATION REGISTRATION FEES REGISTRATION FEE Member of TSH 8.500 TL Non-member of TSH 9.500 TL \u2022 VAT is not included.\u2022 Registration fees should be paid to the bank acount Turkish Society of Hematology.\u2022 In order to register for the congress, please contact us via e-mail on info@icllm2023.org BANK NAME GARANT\u0130 BANKASI ACCOUNT NAME T\u00dcRK HEMATOLOJ\u0130 [&hellip;]<\/p>\n","protected":false},"author":1,"featured_media":0,"parent":0,"menu_order":0,"comment_status":"closed","ping_status":"closed","template":"elementor_theme","meta":{"footnotes":""},"class_list":["post-34","page","type-page","status-publish","hentry"],"_links":{"self":[{"href":"https:\/\/icllm2023.org\/index.php?rest_route=\/wp\/v2\/pages\/34","targetHints":{"allow":["GET"]}}],"collection":[{"href":"https:\/\/icllm2023.org\/index.php?rest_route=\/wp\/v2\/pages"}],"about":[{"href":"https:\/\/icllm2023.org\/index.php?rest_route=\/wp\/v2\/types\/page"}],"author":[{"embeddable":true,"href":"https:\/\/icllm2023.org\/index.php?rest_route=\/wp\/v2\/users\/1"}],"replies":[{"embeddable":true,"href":"https:\/\/icllm2023.org\/index.php?rest_route=%2Fwp%2Fv2%2Fcomments&post=34"}],"version-history":[{"count":8,"href":"https:\/\/icllm2023.org\/index.php?rest_route=\/wp\/v2\/pages\/34\/revisions"}],"predecessor-version":[{"id":141,"href":"https:\/\/icllm2023.org\/index.php?rest_route=\/wp\/v2\/pages\/34\/revisions\/141"}],"wp:attachment":[{"href":"https:\/\/icllm2023.org\/index.php?rest_route=%2Fwp%2Fv2%2Fmedia&parent=34"}],"curies":[{"name":"wp","href":"https:\/\/api.w.org\/{rel}","templated":true}]}}