{"id":43,"date":"2025-12-09T06:52:28","date_gmt":"2025-12-09T06:52:28","guid":{"rendered":"http:\/\/localhost\/?page_id=43"},"modified":"2025-12-09T11:02:02","modified_gmt":"2025-12-09T11:02:02","slug":"organizing-committee","status":"publish","type":"page","link":"https:\/\/icllm2023.org\/?page_id=43","title":{"rendered":"Organizing Committee"},"content":{"rendered":"\t\t<div data-elementor-type=\"wp-page\" data-elementor-id=\"43\" class=\"elementor elementor-43\">\n\t\t\t\t<div class=\"elementor-element elementor-element-4fef704e e-flex e-con-boxed e-con e-parent\" data-id=\"4fef704e\" data-element_type=\"container\" data-settings=\"{&quot;background_background&quot;:&quot;classic&quot;}\">\n\t\t\t\t\t<div class=\"e-con-inner\">\n\t\t\t\t<div class=\"elementor-element elementor-element-30711a4e elementor-widget elementor-widget-heading\" data-id=\"30711a4e\" data-element_type=\"widget\" data-widget_type=\"heading.default\">\n\t\t\t\t\t<h1 class=\"elementor-heading-title elementor-size-default\">Organizing Committee<\/h1>\t\t\t\t<\/div>\n\t\t\t\t<div class=\"elementor-element elementor-element-7fe78873 elementor-widget elementor-widget-Table\" data-id=\"7fe78873\" data-element_type=\"widget\" data-widget_type=\"Table.default\">\n\t\t\t\t<div class=\"elementor-widget-container\">\n\t\t\t\t\t\t\t<table class=\"tafe-table \">\n\t\t\t<thead  class=\"tafe-table-header\">\n\t\t\t\t<tr>\n\t\t\t\t\t<th class=\"elementor-inline-editing elementor-repeater-item-d287e59\"   ><b>Congress President<\/b><\/th><th class=\"elementor-inline-editing elementor-repeater-item-efe5198\"   >Congress PresidentMuhlis Cem Ar - Istanbul University, \n<br>Turkey<\/th>\t\t\t\t<\/tr>\n\t\t\t<\/thead>\n\t\t\t\t\t\t<tbody class=\"tafe-table-body\">\n\t\t\t\t<tr>\n\t\t\t\t\t<td data-label=\"Congress President\"   class=\"elementor-repeater-item-7e12d08 td-content-type-default\" ><b>Congress Secretary<\/b><\/td><td data-label=\"Congress PresidentMuhlis Cem Ar - Istanbul University, \nTurkey\"   class=\"elementor-repeater-item-56ede98 td-content-type-default\" >Reyhan K\u00fc\u00e7\u00fckkaya - \u0130stanbul<\/td><\/tr><tr><td data-label=\"Congress President\"   class=\"elementor-repeater-item-57779dd td-content-type-default\" ><b>Congress Secretary<\/b><\/td><td data-label=\"Congress PresidentMuhlis Cem Ar - Istanbul University, \nTurkey\"   class=\"elementor-repeater-item-be1db13 td-content-type-default\" >\u015eule \u00dcnal - Hacettepe University, Turkey<\/td>\t\t\t\t<\/tr>\n\t\t\t<\/tbody>\n\t\t<\/table>\n\t\t\n\t\t\t\t\t\t<\/div>\n\t\t\t\t<\/div>\n\t\t\t\t<div class=\"elementor-element elementor-element-598758c6 elementor-widget elementor-widget-heading\" data-id=\"598758c6\" data-element_type=\"widget\" data-widget_type=\"heading.default\">\n\t\t\t\t\t<h3 class=\"elementor-heading-title elementor-size-default\">Scientific Chairs \u2013 Program Planners<\/h3>\t\t\t\t<\/div>\n\t\t\t\t<div class=\"elementor-element elementor-element-5e1366ba elementor-widget elementor-widget-Table\" data-id=\"5e1366ba\" data-element_type=\"widget\" data-widget_type=\"Table.default\">\n\t\t\t\t<div class=\"elementor-widget-container\">\n\t\t\t\t\t\t\t<table class=\"tafe-table \">\n\t\t\t<thead  class=\"tafe-table-header\">\n\t\t\t\t<tr>\n\t\t\t\t\t<th class=\"elementor-inline-editing elementor-repeater-item-d287e59\"   ><strong>Acute Myeloid Leukemia<\/th><th class=\"elementor-inline-editing elementor-repeater-item-efe5198\"   >Naval Daver<\/th><th class=\"elementor-inline-editing elementor-repeater-item-46a242e\"   >University of Texas, USA<\/th>\t\t\t\t<\/tr>\n\t\t\t<\/thead>\n\t\t\t\t\t\t<tbody class=\"tafe-table-body\">\n\t\t\t\t<tr>\n\t\t\t\t\t<\/tr><tr><td data-label=\"Acute Myeloid Leukemia\"   class=\"elementor-repeater-item-7e12d08 td-content-type-default\" ><strong>Multiple Myeloma<\/td><td data-label=\"Naval Daver\"   class=\"elementor-repeater-item-56ede98 td-content-type-default\" >Saad Usmani<\/td><td data-label=\"University of Texas, USA\"   class=\"elementor-repeater-item-57779dd td-content-type-default\" >Memorial Sloan Kettering Cancer Center, USA<\/td><\/tr><tr><td data-label=\"Acute Myeloid Leukemia\"   class=\"elementor-repeater-item-be1db13 td-content-type-default\" ><strong>Acute Lymphocytic Leukemia<\/td><td data-label=\"Naval Daver\"   class=\"elementor-repeater-item-c851c78 td-content-type-default\" >Elizabeth Macintyre\n<\/td><td data-label=\"University of Texas, USA\"   class=\"elementor-repeater-item-e80f4cc td-content-type-default\" >Institut Necker Enfants-Malades, France\n<\/td><\/tr><tr><td data-label=\"Acute Myeloid Leukemia\"   class=\"elementor-repeater-item-1105d48 td-content-type-default\" ><strong>Hodgkin Lymphoma\n<\/td><td data-label=\"Naval Daver\"   class=\"elementor-repeater-item-cc2d51a td-content-type-default\" >Jane Winter\n<\/td><td data-label=\"University of Texas, USA\"   class=\"elementor-repeater-item-23da600 td-content-type-default\" >Northwestern University, USA\n<\/td><\/tr><tr><td data-label=\"Acute Myeloid Leukemia\"   class=\"elementor-repeater-item-41dd177 td-content-type-default\" ><strong>Chronic Lymphocytic Leukemia\n<\/td><td data-label=\"Naval Daver\"   class=\"elementor-repeater-item-bc1ab7b td-content-type-default\" >Othman Al-Sawaf\n<\/td><td data-label=\"University of Texas, USA\"   class=\"elementor-repeater-item-1463ce2 td-content-type-default\" >University Hospital of Cologne, Germany\n<\/td><\/tr><tr><td data-label=\"Acute Myeloid Leukemia\"   class=\"elementor-repeater-item-87fe9fb td-content-type-default\" ><strong>Aggressive Lymphomas\n<\/td><td data-label=\"Naval Daver\"   class=\"elementor-repeater-item-a94704d td-content-type-default\" >Graham Collins\n<\/td><td data-label=\"University of Texas, USA\"   class=\"elementor-repeater-item-93c5ab8 td-content-type-default\" >University of Oxford, United Kingdom\n<\/td><\/tr><tr><td data-label=\"Acute Myeloid Leukemia\"   class=\"elementor-repeater-item-1f445f8 td-content-type-default\" ><strong>Indolent Lymphomas\n<\/td><td data-label=\"Naval Daver\"   class=\"elementor-repeater-item-f67b4bb td-content-type-default\" >Eva Kimby\n<\/td><td data-label=\"University of Texas, USA\"   class=\"elementor-repeater-item-f0dddc0 td-content-type-default\" >Karolinska University,Sweden\n<\/td><\/tr><tr><td data-label=\"Acute Myeloid Leukemia\"   class=\"elementor-repeater-item-879375e td-content-type-default\" ><strong>Pedeukemias-I\n<\/td><td data-label=\"Naval Daver\"   class=\"elementor-repeater-item-6ce7261 td-content-type-default\" >Christian M Zwaan\n<\/td><td data-label=\"University of Texas, USA\"   class=\"elementor-repeater-item-199ccfe td-content-type-default\" >Prinses Maxima Centrum, Netherlands\n<\/td><\/tr><tr><td data-label=\"Acute Myeloid Leukemia\"   class=\"elementor-repeater-item-bdfb11d td-content-type-default\" ><strong>Pediatric Leukemias-II\n<\/td><td data-label=\"Naval Daver\"   class=\"elementor-repeater-item-ece5036 td-content-type-default\" >Gertjan J.L Kaspers\n<\/td><td data-label=\"University of Texas, USA\"   class=\"elementor-repeater-item-be086ba td-content-type-default\" >Amsterdam UMC University, Netherlands\n<\/td>\t\t\t\t<\/tr>\n\t\t\t<\/tbody>\n\t\t<\/table>\n\t\t\n\t\t\t\t\t\t<\/div>\n\t\t\t\t<\/div>\n\t\t\t\t<div class=\"elementor-element elementor-element-57531a93 elementor-widget elementor-widget-spacer\" data-id=\"57531a93\" data-element_type=\"widget\" data-widget_type=\"spacer.default\">\n\t\t\t\t\t\t\t<div class=\"elementor-spacer\">\n\t\t\t<div class=\"elementor-spacer-inner\"><\/div>\n\t\t<\/div>\n\t\t\t\t\t\t<\/div>\n\t\t\t\t\t<\/div>\n\t\t\t\t<\/div>\n\t\t\t\t<\/div>\n\t\t","protected":false},"excerpt":{"rendered":"<p>Organizing Committee Congress President Congress PresidentMuhlis Cem Ar &#8211; Istanbul University, Turkey Congress Secretary Reyhan K\u00fc\u00e7\u00fckkaya &#8211; \u0130stanbul Congress Secretary \u015eule \u00dcnal &#8211; Hacettepe University, Turkey Scientific Chairs \u2013 Program Planners Acute Myeloid Leukemia Naval Daver University of Texas, USA Multiple Myeloma Saad Usmani Memorial Sloan Kettering Cancer Center, USA Acute Lymphocytic Leukemia Elizabeth Macintyre [&hellip;]<\/p>\n","protected":false},"author":1,"featured_media":0,"parent":0,"menu_order":0,"comment_status":"closed","ping_status":"closed","template":"elementor_theme","meta":{"footnotes":""},"class_list":["post-43","page","type-page","status-publish","hentry"],"_links":{"self":[{"href":"https:\/\/icllm2023.org\/index.php?rest_route=\/wp\/v2\/pages\/43","targetHints":{"allow":["GET"]}}],"collection":[{"href":"https:\/\/icllm2023.org\/index.php?rest_route=\/wp\/v2\/pages"}],"about":[{"href":"https:\/\/icllm2023.org\/index.php?rest_route=\/wp\/v2\/types\/page"}],"author":[{"embeddable":true,"href":"https:\/\/icllm2023.org\/index.php?rest_route=\/wp\/v2\/users\/1"}],"replies":[{"embeddable":true,"href":"https:\/\/icllm2023.org\/index.php?rest_route=%2Fwp%2Fv2%2Fcomments&post=43"}],"version-history":[{"count":11,"href":"https:\/\/icllm2023.org\/index.php?rest_route=\/wp\/v2\/pages\/43\/revisions"}],"predecessor-version":[{"id":154,"href":"https:\/\/icllm2023.org\/index.php?rest_route=\/wp\/v2\/pages\/43\/revisions\/154"}],"wp:attachment":[{"href":"https:\/\/icllm2023.org\/index.php?rest_route=%2Fwp%2Fv2%2Fmedia&parent=43"}],"curies":[{"name":"wp","href":"https:\/\/api.w.org\/{rel}","templated":true}]}}